{"id":1549,"date":"2023-01-18T11:00:07","date_gmt":"2023-01-18T10:00:07","guid":{"rendered":"https:\/\/www.sesmoreres.com\/fr\/blog\/?page_id=1549"},"modified":"2023-01-18T12:27:19","modified_gmt":"2023-01-18T11:27:19","slug":"vivre-dans-un-moulin-historique-a-minorque","status":"publish","type":"page","link":"https:\/\/www.sesmoreres.com\/fr\/blog\/vivre-dans-un-moulin-historique-a-minorque\/","title":{"rendered":"Vivre dans un moulin historique \u00e0 Minorque"},"content":{"rendered":"<p>Les moulins \u00e0 vent ont \u00e9t\u00e9 essentiels pendant des si\u00e8cles \u00e0 la vie rurale de l&rsquo;\u00eele de Minorque et leurs profils imposants se d\u00e9tachaient sur les toits des villages.<\/p>\n<p>En utilisant l&rsquo;\u00e9nergie produite par le vent, ils moulent des c\u00e9r\u00e9ales telles que le bl\u00e9, le seigle et l&rsquo;orge.<\/p>\n<p>La vie dans un vieux moulin pouvait \u00eatre difficile, car le travail exigeait beaucoup d&rsquo;efforts physiques. Les meuniers \u00e9taient charg\u00e9s de maintenir le moulin en bon \u00e9tat, ce qui incluait la r\u00e9paration des lames et autres m\u00e9canismes. Ils \u00e9taient \u00e9galement responsables du chargement et du d\u00e9chargement du grain pendant toute une vie, il n&rsquo;est donc pas rare de voir des marches de moulin us\u00e9es. Il n&rsquo;\u00e9tait pas rare de travailler du lever au coucher du soleil. Cependant, les meuniers \u00e9taient tr\u00e8s appr\u00e9ci\u00e9s par la communaut\u00e9 pour leur r\u00f4le dans la production alimentaire.<\/p>\n<p>Aujourd&rsquo;hui, seuls quelques-uns de ces moulins ont \u00e9t\u00e9 pr\u00e9serv\u00e9s et restaur\u00e9s \u00e0 Minorque, et ils offrent une occasion unique de d\u00e9couvrir ce qu&rsquo;\u00e9tait la vie \u00e0 la campagne.<\/p>\n<p><img decoding=\"async\" class=\"alignnone size-full wp-image-1550 lazyload\" data-src=\"https:\/\/www.sesmoreres.com\/fr\/blog\/wp-content\/uploads\/2023\/01\/Vivre-dans-un-moulin-historique-\u00e0-Minorque-300x200-1.jpg\" alt=\"\" width=\"300\" height=\"200\" src=\"data:image\/svg+xml;base64,PHN2ZyB3aWR0aD0iMSIgaGVpZ2h0PSIxIiB4bWxucz0iaHR0cDovL3d3dy53My5vcmcvMjAwMC9zdmciPjwvc3ZnPg==\" style=\"--smush-placeholder-width: 300px; --smush-placeholder-aspect-ratio: 300\/200;\" \/><\/p>\n<p>&nbsp;<\/p>\n<p>Cliquez ici pour voir d&rsquo;autres <a href=\"https:\/\/www.sesmoreres.com\/fr\/resultats-recherche\/?a=finca_rustica\">propri\u00e9t\u00e9s<\/a> et <a href=\"https:\/\/www.sesmoreres.com\/fr\/resultats-recherche\/?a=casa_campo\">maisons de campagne<\/a> \u00e0 vendre \u00e0 Minorque.<\/p>\n","protected":false},"excerpt":{"rendered":"<p>Les moulins \u00e0 vent ont \u00e9t\u00e9 essentiels pendant des si\u00e8cles \u00e0 la vie rurale de l&rsquo;\u00eele de Minorque et leurs profils imposants se d\u00e9tachaient sur les toits des villages. En utilisant l&rsquo;\u00e9nergie produite par le vent, ils moulent des c\u00e9r\u00e9ales &hellip; <a href=\"https:\/\/www.sesmoreres.com\/fr\/blog\/vivre-dans-un-moulin-historique-a-minorque\/\">Lire la suite\u00ad\u00ad<\/a><\/p>\n","protected":false},"author":4,"featured_media":1552,"parent":0,"menu_order":0,"comment_status":"closed","ping_status":"closed","template":"","meta":{"footnotes":""},"class_list":["post-1549","page","type-page","status-publish","has-post-thumbnail","hentry"],"yoast_head":"<!-- This site is optimized with the Yoast SEO plugin v27.3 - https:\/\/yoast.com\/product\/yoast-seo-wordpress\/ -->\n<title>Vivre dans un moulin historique \u00e0 Minorque - Blog sur Minorque - Ses Moreres<\/title>\n<meta name=\"description\" content=\"Vivre dans un moulin historique \u00e0 Es Mercadal, Minorque. Les moulins \u00e0 vent ont \u00e9t\u00e9 essentiels pendant des si\u00e8cles \u00e0 la vie rurale de l&#039;\u00eele de Minorque et leurs profils imposants se d\u00e9tachaient sur les toits des villages. Aujourd&#039;hui, seuls quelques-uns de ces moulins ont \u00e9t\u00e9 pr\u00e9serv\u00e9s et restaur\u00e9s \u00e0 Minorque, et ils offrent une occasion unique de d\u00e9couvrir ce qu&#039;\u00e9tait la vie \u00e0 la campagne.\" \/>\n<meta name=\"robots\" content=\"index, follow, max-snippet:-1, max-image-preview:large, max-video-preview:-1\" \/>\n<link rel=\"canonical\" href=\"https:\/\/www.sesmoreres.com\/fr\/blog\/vivre-dans-un-moulin-historique-a-minorque\/\" \/>\n<meta property=\"og:locale\" content=\"fr_FR\" \/>\n<meta property=\"og:type\" content=\"article\" \/>\n<meta property=\"og:title\" content=\"Vivre dans un moulin historique \u00e0 Minorque - Blog sur Minorque - Ses Moreres\" \/>\n<meta property=\"og:description\" content=\"Vivre dans un moulin historique \u00e0 Es Mercadal, Minorque. Les moulins \u00e0 vent ont \u00e9t\u00e9 essentiels pendant des si\u00e8cles \u00e0 la vie rurale de l&#039;\u00eele de Minorque et leurs profils imposants se d\u00e9tachaient sur les toits des villages. Aujourd&#039;hui, seuls quelques-uns de ces moulins ont \u00e9t\u00e9 pr\u00e9serv\u00e9s et restaur\u00e9s \u00e0 Minorque, et ils offrent une occasion unique de d\u00e9couvrir ce qu&#039;\u00e9tait la vie \u00e0 la campagne.\" \/>\n<meta property=\"og:url\" content=\"https:\/\/www.sesmoreres.com\/fr\/blog\/vivre-dans-un-moulin-historique-a-minorque\/\" \/>\n<meta property=\"og:site_name\" content=\"Blog sur Minorque - Ses Moreres\" \/>\n<meta property=\"article:modified_time\" content=\"2023-01-18T11:27:19+00:00\" \/>\n<meta property=\"og:image\" content=\"https:\/\/www.sesmoreres.com\/fr\/blog\/wp-content\/uploads\/2023\/01\/Old-Windmill-Minorca.jpg\" \/>\n\t<meta property=\"og:image:width\" content=\"602\" \/>\n\t<meta property=\"og:image:height\" content=\"773\" \/>\n\t<meta property=\"og:image:type\" content=\"image\/jpeg\" \/>\n<meta name=\"twitter:card\" content=\"summary_large_image\" \/>\n<meta name=\"twitter:label1\" content=\"Dur\u00e9e de lecture estim\u00e9e\" \/>\n\t<meta name=\"twitter:data1\" content=\"1 minute\" \/>\n<script type=\"application\/ld+json\" class=\"yoast-schema-graph\">{\"@context\":\"https:\\\/\\\/schema.org\",\"@graph\":[{\"@type\":\"WebPage\",\"@id\":\"https:\\\/\\\/www.sesmoreres.com\\\/fr\\\/blog\\\/vivre-dans-un-moulin-historique-a-minorque\\\/\",\"url\":\"https:\\\/\\\/www.sesmoreres.com\\\/fr\\\/blog\\\/vivre-dans-un-moulin-historique-a-minorque\\\/\",\"name\":\"Vivre dans un moulin historique \u00e0 Minorque - Blog sur Minorque - Ses Moreres\",\"isPartOf\":{\"@id\":\"https:\\\/\\\/www.sesmoreres.com\\\/fr\\\/blog\\\/#website\"},\"primaryImageOfPage\":{\"@id\":\"https:\\\/\\\/www.sesmoreres.com\\\/fr\\\/blog\\\/vivre-dans-un-moulin-historique-a-minorque\\\/#primaryimage\"},\"image\":{\"@id\":\"https:\\\/\\\/www.sesmoreres.com\\\/fr\\\/blog\\\/vivre-dans-un-moulin-historique-a-minorque\\\/#primaryimage\"},\"thumbnailUrl\":\"https:\\\/\\\/www.sesmoreres.com\\\/fr\\\/blog\\\/wp-content\\\/uploads\\\/2023\\\/01\\\/Old-Windmill-Minorca.jpg\",\"datePublished\":\"2023-01-18T10:00:07+00:00\",\"dateModified\":\"2023-01-18T11:27:19+00:00\",\"description\":\"Vivre dans un moulin historique \u00e0 Es Mercadal, Minorque. Les moulins \u00e0 vent ont \u00e9t\u00e9 essentiels pendant des si\u00e8cles \u00e0 la vie rurale de l'\u00eele de Minorque et leurs profils imposants se d\u00e9tachaient sur les toits des villages. Aujourd'hui, seuls quelques-uns de ces moulins ont \u00e9t\u00e9 pr\u00e9serv\u00e9s et restaur\u00e9s \u00e0 Minorque, et ils offrent une occasion unique de d\u00e9couvrir ce qu'\u00e9tait la vie \u00e0 la campagne.\",\"breadcrumb\":{\"@id\":\"https:\\\/\\\/www.sesmoreres.com\\\/fr\\\/blog\\\/vivre-dans-un-moulin-historique-a-minorque\\\/#breadcrumb\"},\"inLanguage\":\"fr-FR\",\"potentialAction\":[{\"@type\":\"ReadAction\",\"target\":[\"https:\\\/\\\/www.sesmoreres.com\\\/fr\\\/blog\\\/vivre-dans-un-moulin-historique-a-minorque\\\/\"]}]},{\"@type\":\"ImageObject\",\"inLanguage\":\"fr-FR\",\"@id\":\"https:\\\/\\\/www.sesmoreres.com\\\/fr\\\/blog\\\/vivre-dans-un-moulin-historique-a-minorque\\\/#primaryimage\",\"url\":\"https:\\\/\\\/www.sesmoreres.com\\\/fr\\\/blog\\\/wp-content\\\/uploads\\\/2023\\\/01\\\/Old-Windmill-Minorca.jpg\",\"contentUrl\":\"https:\\\/\\\/www.sesmoreres.com\\\/fr\\\/blog\\\/wp-content\\\/uploads\\\/2023\\\/01\\\/Old-Windmill-Minorca.jpg\",\"width\":602,\"height\":773},{\"@type\":\"BreadcrumbList\",\"@id\":\"https:\\\/\\\/www.sesmoreres.com\\\/fr\\\/blog\\\/vivre-dans-un-moulin-historique-a-minorque\\\/#breadcrumb\",\"itemListElement\":[{\"@type\":\"ListItem\",\"position\":1,\"name\":\"Portada\",\"item\":\"https:\\\/\\\/www.sesmoreres.com\\\/fr\\\/blog\\\/\"},{\"@type\":\"ListItem\",\"position\":2,\"name\":\"Vivre dans un moulin historique \u00e0 Minorque\"}]},{\"@type\":\"WebSite\",\"@id\":\"https:\\\/\\\/www.sesmoreres.com\\\/fr\\\/blog\\\/#website\",\"url\":\"https:\\\/\\\/www.sesmoreres.com\\\/fr\\\/blog\\\/\",\"name\":\"Blog sur Minorque - Ses Moreres\",\"description\":\"Immobili\u00e8res \u00e0 Minorque - Leader dans la vente de propri\u00e9t\u00e9s de luxe Fermes rustiques, maisons de campagne, chalets, terrains\",\"potentialAction\":[{\"@type\":\"SearchAction\",\"target\":{\"@type\":\"EntryPoint\",\"urlTemplate\":\"https:\\\/\\\/www.sesmoreres.com\\\/fr\\\/blog\\\/?s={search_term_string}\"},\"query-input\":{\"@type\":\"PropertyValueSpecification\",\"valueRequired\":true,\"valueName\":\"search_term_string\"}}],\"inLanguage\":\"fr-FR\"}]}<\/script>\n<!-- \/ Yoast SEO plugin. -->","yoast_head_json":{"title":"Vivre dans un moulin historique \u00e0 Minorque - Blog sur Minorque - Ses Moreres","description":"Vivre dans un moulin historique \u00e0 Es Mercadal, Minorque. Les moulins \u00e0 vent ont \u00e9t\u00e9 essentiels pendant des si\u00e8cles \u00e0 la vie rurale de l'\u00eele de Minorque et leurs profils imposants se d\u00e9tachaient sur les toits des villages. Aujourd'hui, seuls quelques-uns de ces moulins ont \u00e9t\u00e9 pr\u00e9serv\u00e9s et restaur\u00e9s \u00e0 Minorque, et ils offrent une occasion unique de d\u00e9couvrir ce qu'\u00e9tait la vie \u00e0 la campagne.","robots":{"index":"index","follow":"follow","max-snippet":"max-snippet:-1","max-image-preview":"max-image-preview:large","max-video-preview":"max-video-preview:-1"},"canonical":"https:\/\/www.sesmoreres.com\/fr\/blog\/vivre-dans-un-moulin-historique-a-minorque\/","og_locale":"fr_FR","og_type":"article","og_title":"Vivre dans un moulin historique \u00e0 Minorque - Blog sur Minorque - Ses Moreres","og_description":"Vivre dans un moulin historique \u00e0 Es Mercadal, Minorque. Les moulins \u00e0 vent ont \u00e9t\u00e9 essentiels pendant des si\u00e8cles \u00e0 la vie rurale de l'\u00eele de Minorque et leurs profils imposants se d\u00e9tachaient sur les toits des villages. Aujourd'hui, seuls quelques-uns de ces moulins ont \u00e9t\u00e9 pr\u00e9serv\u00e9s et restaur\u00e9s \u00e0 Minorque, et ils offrent une occasion unique de d\u00e9couvrir ce qu'\u00e9tait la vie \u00e0 la campagne.","og_url":"https:\/\/www.sesmoreres.com\/fr\/blog\/vivre-dans-un-moulin-historique-a-minorque\/","og_site_name":"Blog sur Minorque - Ses Moreres","article_modified_time":"2023-01-18T11:27:19+00:00","og_image":[{"width":602,"height":773,"url":"https:\/\/www.sesmoreres.com\/fr\/blog\/wp-content\/uploads\/2023\/01\/Old-Windmill-Minorca.jpg","type":"image\/jpeg"}],"twitter_card":"summary_large_image","twitter_misc":{"Dur\u00e9e de lecture estim\u00e9e":"1 minute"},"schema":{"@context":"https:\/\/schema.org","@graph":[{"@type":"WebPage","@id":"https:\/\/www.sesmoreres.com\/fr\/blog\/vivre-dans-un-moulin-historique-a-minorque\/","url":"https:\/\/www.sesmoreres.com\/fr\/blog\/vivre-dans-un-moulin-historique-a-minorque\/","name":"Vivre dans un moulin historique \u00e0 Minorque - Blog sur Minorque - Ses Moreres","isPartOf":{"@id":"https:\/\/www.sesmoreres.com\/fr\/blog\/#website"},"primaryImageOfPage":{"@id":"https:\/\/www.sesmoreres.com\/fr\/blog\/vivre-dans-un-moulin-historique-a-minorque\/#primaryimage"},"image":{"@id":"https:\/\/www.sesmoreres.com\/fr\/blog\/vivre-dans-un-moulin-historique-a-minorque\/#primaryimage"},"thumbnailUrl":"https:\/\/www.sesmoreres.com\/fr\/blog\/wp-content\/uploads\/2023\/01\/Old-Windmill-Minorca.jpg","datePublished":"2023-01-18T10:00:07+00:00","dateModified":"2023-01-18T11:27:19+00:00","description":"Vivre dans un moulin historique \u00e0 Es Mercadal, Minorque. Les moulins \u00e0 vent ont \u00e9t\u00e9 essentiels pendant des si\u00e8cles \u00e0 la vie rurale de l'\u00eele de Minorque et leurs profils imposants se d\u00e9tachaient sur les toits des villages. Aujourd'hui, seuls quelques-uns de ces moulins ont \u00e9t\u00e9 pr\u00e9serv\u00e9s et restaur\u00e9s \u00e0 Minorque, et ils offrent une occasion unique de d\u00e9couvrir ce qu'\u00e9tait la vie \u00e0 la campagne.","breadcrumb":{"@id":"https:\/\/www.sesmoreres.com\/fr\/blog\/vivre-dans-un-moulin-historique-a-minorque\/#breadcrumb"},"inLanguage":"fr-FR","potentialAction":[{"@type":"ReadAction","target":["https:\/\/www.sesmoreres.com\/fr\/blog\/vivre-dans-un-moulin-historique-a-minorque\/"]}]},{"@type":"ImageObject","inLanguage":"fr-FR","@id":"https:\/\/www.sesmoreres.com\/fr\/blog\/vivre-dans-un-moulin-historique-a-minorque\/#primaryimage","url":"https:\/\/www.sesmoreres.com\/fr\/blog\/wp-content\/uploads\/2023\/01\/Old-Windmill-Minorca.jpg","contentUrl":"https:\/\/www.sesmoreres.com\/fr\/blog\/wp-content\/uploads\/2023\/01\/Old-Windmill-Minorca.jpg","width":602,"height":773},{"@type":"BreadcrumbList","@id":"https:\/\/www.sesmoreres.com\/fr\/blog\/vivre-dans-un-moulin-historique-a-minorque\/#breadcrumb","itemListElement":[{"@type":"ListItem","position":1,"name":"Portada","item":"https:\/\/www.sesmoreres.com\/fr\/blog\/"},{"@type":"ListItem","position":2,"name":"Vivre dans un moulin historique \u00e0 Minorque"}]},{"@type":"WebSite","@id":"https:\/\/www.sesmoreres.com\/fr\/blog\/#website","url":"https:\/\/www.sesmoreres.com\/fr\/blog\/","name":"Blog sur Minorque - Ses Moreres","description":"Immobili\u00e8res \u00e0 Minorque - Leader dans la vente de propri\u00e9t\u00e9s de luxe Fermes rustiques, maisons de campagne, chalets, terrains","potentialAction":[{"@type":"SearchAction","target":{"@type":"EntryPoint","urlTemplate":"https:\/\/www.sesmoreres.com\/fr\/blog\/?s={search_term_string}"},"query-input":{"@type":"PropertyValueSpecification","valueRequired":true,"valueName":"search_term_string"}}],"inLanguage":"fr-FR"}]}},"_links":{"self":[{"href":"https:\/\/www.sesmoreres.com\/fr\/blog\/wp-json\/wp\/v2\/pages\/1549","targetHints":{"allow":["GET"]}}],"collection":[{"href":"https:\/\/www.sesmoreres.com\/fr\/blog\/wp-json\/wp\/v2\/pages"}],"about":[{"href":"https:\/\/www.sesmoreres.com\/fr\/blog\/wp-json\/wp\/v2\/types\/page"}],"author":[{"embeddable":true,"href":"https:\/\/www.sesmoreres.com\/fr\/blog\/wp-json\/wp\/v2\/users\/4"}],"replies":[{"embeddable":true,"href":"https:\/\/www.sesmoreres.com\/fr\/blog\/wp-json\/wp\/v2\/comments?post=1549"}],"version-history":[{"count":2,"href":"https:\/\/www.sesmoreres.com\/fr\/blog\/wp-json\/wp\/v2\/pages\/1549\/revisions"}],"predecessor-version":[{"id":1553,"href":"https:\/\/www.sesmoreres.com\/fr\/blog\/wp-json\/wp\/v2\/pages\/1549\/revisions\/1553"}],"wp:featuredmedia":[{"embeddable":true,"href":"https:\/\/www.sesmoreres.com\/fr\/blog\/wp-json\/wp\/v2\/media\/1552"}],"wp:attachment":[{"href":"https:\/\/www.sesmoreres.com\/fr\/blog\/wp-json\/wp\/v2\/media?parent=1549"}],"curies":[{"name":"wp","href":"https:\/\/api.w.org\/{rel}","templated":true}]}}